{"id":20,"date":"2024-04-17T17:42:51","date_gmt":"2024-04-17T15:42:51","guid":{"rendered":"http:\/\/general-industry.com\/GIn\/?page_id=20"},"modified":"2024-10-26T11:28:14","modified_gmt":"2024-10-26T09:28:14","slug":"a-propos","status":"publish","type":"page","link":"http:\/\/general-industry.com\/GIn\/index.php\/a-propos\/","title":{"rendered":"A Propos"},"content":{"rendered":"\t\t<div data-elementor-type=\"wp-page\" data-elementor-id=\"20\" class=\"elementor elementor-20\">\n\t\t\t\t<div class=\"elementor-element elementor-element-e9b193e e-transform e-flex e-con-boxed e-con e-parent\" data-id=\"e9b193e\" data-element_type=\"container\" data-settings=\"{&quot;_transform_translateX_effect&quot;:{&quot;unit&quot;:&quot;px&quot;,&quot;size&quot;:151,&quot;sizes&quot;:[]},&quot;_transform_translateX_effect_tablet&quot;:{&quot;unit&quot;:&quot;px&quot;,&quot;size&quot;:0,&quot;sizes&quot;:[]},&quot;_transform_translateX_effect_mobile&quot;:{&quot;unit&quot;:&quot;px&quot;,&quot;size&quot;:&quot;&quot;,&quot;sizes&quot;:[]},&quot;_transform_translateY_effect&quot;:{&quot;unit&quot;:&quot;px&quot;,&quot;size&quot;:&quot;&quot;,&quot;sizes&quot;:[]},&quot;_transform_translateY_effect_tablet&quot;:{&quot;unit&quot;:&quot;px&quot;,&quot;size&quot;:&quot;&quot;,&quot;sizes&quot;:[]},&quot;_transform_translateY_effect_mobile&quot;:{&quot;unit&quot;:&quot;px&quot;,&quot;size&quot;:&quot;&quot;,&quot;sizes&quot;:[]}}\">\n\t\t\t\t\t<div class=\"e-con-inner\">\n\t\t\t\t<div class=\"elementor-element elementor-element-31fe234 e-transform elementor-arrows-position-inside elementor-pagination-position-outside elementor-widget elementor-widget-image-carousel\" data-id=\"31fe234\" data-element_type=\"widget\" data-settings=\"{&quot;_transform_translateX_effect&quot;:{&quot;unit&quot;:&quot;px&quot;,&quot;size&quot;:0,&quot;sizes&quot;:[]},&quot;navigation&quot;:&quot;both&quot;,&quot;autoplay&quot;:&quot;yes&quot;,&quot;pause_on_hover&quot;:&quot;yes&quot;,&quot;pause_on_interaction&quot;:&quot;yes&quot;,&quot;autoplay_speed&quot;:5000,&quot;infinite&quot;:&quot;yes&quot;,&quot;speed&quot;:500,&quot;_transform_translateX_effect_tablet&quot;:{&quot;unit&quot;:&quot;px&quot;,&quot;size&quot;:&quot;&quot;,&quot;sizes&quot;:[]},&quot;_transform_translateX_effect_mobile&quot;:{&quot;unit&quot;:&quot;px&quot;,&quot;size&quot;:&quot;&quot;,&quot;sizes&quot;:[]},&quot;_transform_translateY_effect&quot;:{&quot;unit&quot;:&quot;px&quot;,&quot;size&quot;:&quot;&quot;,&quot;sizes&quot;:[]},&quot;_transform_translateY_effect_tablet&quot;:{&quot;unit&quot;:&quot;px&quot;,&quot;size&quot;:&quot;&quot;,&quot;sizes&quot;:[]},&quot;_transform_translateY_effect_mobile&quot;:{&quot;unit&quot;:&quot;px&quot;,&quot;size&quot;:&quot;&quot;,&quot;sizes&quot;:[]}}\" data-widget_type=\"image-carousel.default\">\n\t\t\t\t<div class=\"elementor-widget-container\">\n\t\t\t<style>\/*! elementor - v3.21.0 - 15-04-2024 *\/\n.elementor-widget-image-carousel .swiper,.elementor-widget-image-carousel .swiper-container{position:static}.elementor-widget-image-carousel .swiper-container .swiper-slide figure,.elementor-widget-image-carousel .swiper .swiper-slide figure{line-height:inherit}.elementor-widget-image-carousel .swiper-slide{text-align:center}.elementor-image-carousel-wrapper:not(.swiper-container-initialized):not(.swiper-initialized) .swiper-slide{max-width:calc(100% \/ var(--e-image-carousel-slides-to-show, 3))}<\/style>\t\t<div class=\"elementor-image-carousel-wrapper swiper\" dir=\"ltr\">\n\t\t\t<div class=\"elementor-image-carousel swiper-wrapper\" aria-live=\"off\">\n\t\t\t\t\t\t\t\t<div class=\"swiper-slide\" role=\"group\" aria-roledescription=\"slide\" aria-label=\"1 sur 6\"><figure class=\"swiper-slide-inner\"><img decoding=\"async\" class=\"swiper-slide-image\" src=\"http:\/\/general-industry.com\/GIn\/wp-content\/uploads\/2024\/04\/genral-51-150x150.jpg\" alt=\"genral-51\" \/><\/figure><\/div><div class=\"swiper-slide\" role=\"group\" aria-roledescription=\"slide\" aria-label=\"2 sur 6\"><figure class=\"swiper-slide-inner\"><img decoding=\"async\" class=\"swiper-slide-image\" src=\"http:\/\/general-industry.com\/GIn\/wp-content\/uploads\/2024\/04\/DSC01255-150x150.jpg\" alt=\"DSC01255\" \/><\/figure><\/div><div class=\"swiper-slide\" role=\"group\" aria-roledescription=\"slide\" aria-label=\"3 sur 6\"><figure class=\"swiper-slide-inner\"><img decoding=\"async\" class=\"swiper-slide-image\" src=\"http:\/\/general-industry.com\/GIn\/wp-content\/uploads\/2024\/04\/DSC01252-150x150.jpg\" alt=\"DSC01252\" \/><\/figure><\/div><div class=\"swiper-slide\" role=\"group\" aria-roledescription=\"slide\" aria-label=\"4 sur 6\"><figure class=\"swiper-slide-inner\"><img decoding=\"async\" class=\"swiper-slide-image\" src=\"http:\/\/general-industry.com\/GIn\/wp-content\/uploads\/2024\/04\/DSC01234-150x150.jpg\" alt=\"DSC01234\" \/><\/figure><\/div><div class=\"swiper-slide\" role=\"group\" aria-roledescription=\"slide\" aria-label=\"5 sur 6\"><figure class=\"swiper-slide-inner\"><img decoding=\"async\" class=\"swiper-slide-image\" src=\"http:\/\/general-industry.com\/GIn\/wp-content\/uploads\/2024\/04\/DSC01220-150x150.jpg\" alt=\"DSC01220\" \/><\/figure><\/div><div class=\"swiper-slide\" role=\"group\" aria-roledescription=\"slide\" aria-label=\"6 sur 6\"><figure class=\"swiper-slide-inner\"><img decoding=\"async\" class=\"swiper-slide-image\" src=\"http:\/\/general-industry.com\/GIn\/wp-content\/uploads\/2024\/04\/DSC01211-150x150.jpg\" alt=\"DSC01211\" \/><\/figure><\/div>\t\t\t<\/div>\n\t\t\t\t\t\t\t\t\t\t\t\t<div class=\"elementor-swiper-button elementor-swiper-button-prev\" role=\"button\" tabindex=\"0\">\n\t\t\t\t\t\t<svg aria-hidden=\"true\" class=\"e-font-icon-svg e-eicon-chevron-left\" viewBox=\"0 0 1000 1000\" xmlns=\"http:\/\/www.w3.org\/2000\/svg\"><path d=\"M646 125C629 125 613 133 604 142L308 442C296 454 292 471 292 487 292 504 296 521 308 533L604 854C617 867 629 875 646 875 663 875 679 871 692 858 704 846 713 829 713 812 713 796 708 779 692 767L438 487 692 225C700 217 708 204 708 187 708 171 704 154 692 142 675 129 663 125 646 125Z\"><\/path><\/svg>\t\t\t\t\t<\/div>\n\t\t\t\t\t<div class=\"elementor-swiper-button elementor-swiper-button-next\" role=\"button\" tabindex=\"0\">\n\t\t\t\t\t\t<svg aria-hidden=\"true\" class=\"e-font-icon-svg e-eicon-chevron-right\" viewBox=\"0 0 1000 1000\" xmlns=\"http:\/\/www.w3.org\/2000\/svg\"><path d=\"M696 533C708 521 713 504 713 487 713 471 708 454 696 446L400 146C388 133 375 125 354 125 338 125 325 129 313 142 300 154 292 171 292 187 292 204 296 221 308 233L563 492 304 771C292 783 288 800 288 817 288 833 296 850 308 863 321 871 338 875 354 875 371 875 388 867 400 854L696 533Z\"><\/path><\/svg>\t\t\t\t\t<\/div>\n\t\t\t\t\n\t\t\t\t\t\t\t\t\t<div class=\"swiper-pagination\"><\/div>\n\t\t\t\t\t\t\t\t\t<\/div>\n\t\t\t\t<\/div>\n\t\t\t\t<\/div>\n\t\t\t\t\t<\/div>\n\t\t\t\t<\/div>\n\t\t<div class=\"elementor-element elementor-element-0d15469 e-transform e-flex e-con-boxed e-con e-parent\" data-id=\"0d15469\" data-element_type=\"container\" data-settings=\"{&quot;_transform_translateX_effect&quot;:{&quot;unit&quot;:&quot;px&quot;,&quot;size&quot;:0,&quot;sizes&quot;:[]},&quot;_transform_translateX_effect_tablet&quot;:{&quot;unit&quot;:&quot;px&quot;,&quot;size&quot;:&quot;&quot;,&quot;sizes&quot;:[]},&quot;_transform_translateX_effect_mobile&quot;:{&quot;unit&quot;:&quot;px&quot;,&quot;size&quot;:&quot;&quot;,&quot;sizes&quot;:[]},&quot;_transform_translateY_effect&quot;:{&quot;unit&quot;:&quot;px&quot;,&quot;size&quot;:&quot;&quot;,&quot;sizes&quot;:[]},&quot;_transform_translateY_effect_tablet&quot;:{&quot;unit&quot;:&quot;px&quot;,&quot;size&quot;:&quot;&quot;,&quot;sizes&quot;:[]},&quot;_transform_translateY_effect_mobile&quot;:{&quot;unit&quot;:&quot;px&quot;,&quot;size&quot;:&quot;&quot;,&quot;sizes&quot;:[]}}\">\n\t\t\t\t\t<div class=\"e-con-inner\">\n\t\t\t\t<div class=\"elementor-element elementor-element-b22e3e3 elementor-widget elementor-widget-heading\" data-id=\"b22e3e3\" data-element_type=\"widget\" data-widget_type=\"heading.default\">\n\t\t\t\t<div class=\"elementor-widget-container\">\n\t\t\t<style>\/*! elementor - v3.21.0 - 15-04-2024 *\/\n.elementor-heading-title{padding:0;margin:0;line-height:1}.elementor-widget-heading .elementor-heading-title[class*=elementor-size-]>a{color:inherit;font-size:inherit;line-height:inherit}.elementor-widget-heading .elementor-heading-title.elementor-size-small{font-size:15px}.elementor-widget-heading .elementor-heading-title.elementor-size-medium{font-size:19px}.elementor-widget-heading .elementor-heading-title.elementor-size-large{font-size:29px}.elementor-widget-heading .elementor-heading-title.elementor-size-xl{font-size:39px}.elementor-widget-heading .elementor-heading-title.elementor-size-xxl{font-size:59px}<\/style><h1 class=\"elementor-heading-title elementor-size-default\">A Propos<\/h1>\t\t<\/div>\n\t\t\t\t<\/div>\n\t\t\t\t\t<\/div>\n\t\t\t\t<\/div>\n\t\t<div class=\"elementor-element elementor-element-a11c5ad e-flex e-con-boxed e-con e-parent\" data-id=\"a11c5ad\" data-element_type=\"container\">\n\t\t\t\t\t<div class=\"e-con-inner\">\n\t\t\t\t<div class=\"elementor-element elementor-element-37e2bea elementor-widget elementor-widget-text-editor\" data-id=\"37e2bea\" data-element_type=\"widget\" data-widget_type=\"text-editor.default\">\n\t\t\t\t<div class=\"elementor-widget-container\">\n\t\t\t<style>\/*! elementor - v3.21.0 - 15-04-2024 *\/\n.elementor-widget-text-editor.elementor-drop-cap-view-stacked .elementor-drop-cap{background-color:#69727d;color:#fff}.elementor-widget-text-editor.elementor-drop-cap-view-framed .elementor-drop-cap{color:#69727d;border:3px solid;background-color:transparent}.elementor-widget-text-editor:not(.elementor-drop-cap-view-default) .elementor-drop-cap{margin-top:8px}.elementor-widget-text-editor:not(.elementor-drop-cap-view-default) .elementor-drop-cap-letter{width:1em;height:1em}.elementor-widget-text-editor .elementor-drop-cap{float:left;text-align:center;line-height:1;font-size:50px}.elementor-widget-text-editor .elementor-drop-cap-letter{display:inline-block}<\/style>\t\t\t\t<p><span style=\"color: #ffffff;\">General Industry est le premier fabricant de machine \u00e0 commande num\u00e9rique en Tunisie.<\/span><\/p><ul><li><span style=\"color: #ffffff;\"><span style=\"font-size: 14px; text-align: var(--text-align);\">Depuis sa cr\u00e9ation en 2012 notre soci\u00e9t\u00e9 \u00e0 accumuler des savoir faire dans plusieurs domaine\u00a0<\/span><span style=\"font-size: 14px; text-align: var(--text-align);\">du commande num\u00e9rique des machines d&rsquo;usinage au machines de coupe en passant par les\u00a0<\/span><\/span><span style=\"color: var( --e-global-color-text ); font-size: 14px; text-align: var(--text-align);\"><span style=\"color: #ffffff;\">machines sp\u00e9ciales telles que les presses hydraulique, les lignes de fabrications de sachets <\/span>ect<\/span><\/li><\/ul>\t\t\t\t\t\t<\/div>\n\t\t\t\t<\/div>\n\t\t\t\t\t<\/div>\n\t\t\t\t<\/div>\n\t\t\t\t<\/div>\n\t\t","protected":false},"excerpt":{"rendered":"<p>A Propos General Industry est le premier fabricant de machine \u00e0 commande num\u00e9rique en Tunisie. Depuis sa cr\u00e9ation en 2012 notre soci\u00e9t\u00e9 \u00e0 accumuler des savoir faire dans plusieurs domaine\u00a0du commande num\u00e9rique des machines d&rsquo;usinage au machines de coupe en passant par les\u00a0machines sp\u00e9ciales telles que les presses hydraulique, les lignes de fabrications de sachets [&hellip;]<\/p>\n","protected":false},"author":1,"featured_media":0,"parent":0,"menu_order":0,"comment_status":"closed","ping_status":"closed","template":"","meta":{"ocean_post_layout":"","ocean_both_sidebars_style":"","ocean_both_sidebars_content_width":0,"ocean_both_sidebars_sidebars_width":0,"ocean_sidebar":"","ocean_second_sidebar":"","ocean_disable_margins":"enable","ocean_add_body_class":"","ocean_shortcode_before_top_bar":"","ocean_shortcode_after_top_bar":"","ocean_shortcode_before_header":"","ocean_shortcode_after_header":"","ocean_has_shortcode":"","ocean_shortcode_after_title":"","ocean_shortcode_before_footer_widgets":"","ocean_shortcode_after_footer_widgets":"","ocean_shortcode_before_footer_bottom":"","ocean_shortcode_after_footer_bottom":"","ocean_display_top_bar":"default","ocean_display_header":"default","ocean_header_style":"","ocean_center_header_left_menu":"","ocean_custom_header_template":"","ocean_custom_logo":0,"ocean_custom_retina_logo":0,"ocean_custom_logo_max_width":0,"ocean_custom_logo_tablet_max_width":0,"ocean_custom_logo_mobile_max_width":0,"ocean_custom_logo_max_height":0,"ocean_custom_logo_tablet_max_height":0,"ocean_custom_logo_mobile_max_height":0,"ocean_header_custom_menu":"","ocean_menu_typo_font_family":"","ocean_menu_typo_font_subset":"","ocean_menu_typo_font_size":0,"ocean_menu_typo_font_size_tablet":0,"ocean_menu_typo_font_size_mobile":0,"ocean_menu_typo_font_size_unit":"px","ocean_menu_typo_font_weight":"","ocean_menu_typo_font_weight_tablet":"","ocean_menu_typo_font_weight_mobile":"","ocean_menu_typo_transform":"","ocean_menu_typo_transform_tablet":"","ocean_menu_typo_transform_mobile":"","ocean_menu_typo_line_height":0,"ocean_menu_typo_line_height_tablet":0,"ocean_menu_typo_line_height_mobile":0,"ocean_menu_typo_line_height_unit":"","ocean_menu_typo_spacing":0,"ocean_menu_typo_spacing_tablet":0,"ocean_menu_typo_spacing_mobile":0,"ocean_menu_typo_spacing_unit":"","ocean_menu_link_color":"","ocean_menu_link_color_hover":"","ocean_menu_link_color_active":"","ocean_menu_link_background":"","ocean_menu_link_hover_background":"","ocean_menu_link_active_background":"","ocean_menu_social_links_bg":"","ocean_menu_social_hover_links_bg":"","ocean_menu_social_links_color":"","ocean_menu_social_hover_links_color":"","ocean_disable_title":"default","ocean_disable_heading":"default","ocean_post_title":"","ocean_post_subheading":"","ocean_post_title_style":"","ocean_post_title_background_color":"","ocean_post_title_background":0,"ocean_post_title_bg_image_position":"","ocean_post_title_bg_image_attachment":"","ocean_post_title_bg_image_repeat":"","ocean_post_title_bg_image_size":"","ocean_post_title_height":0,"ocean_post_title_bg_overlay":0.5,"ocean_post_title_bg_overlay_color":"","ocean_disable_breadcrumbs":"default","ocean_breadcrumbs_color":"","ocean_breadcrumbs_separator_color":"","ocean_breadcrumbs_links_color":"","ocean_breadcrumbs_links_hover_color":"","ocean_display_footer_widgets":"default","ocean_display_footer_bottom":"default","ocean_custom_footer_template":"","footnotes":""},"class_list":["post-20","page","type-page","status-publish","hentry","entry","owp-thumbs-layout-horizontal","owp-btn-normal","owp-tabs-layout-horizontal","has-no-thumbnails","has-product-nav"],"yoast_head":"<!-- This site is optimized with the Yoast SEO plugin v22.5 - https:\/\/yoast.com\/wordpress\/plugins\/seo\/ -->\n<title>A Propos - GENERAL INDUSTRY<\/title>\n<meta name=\"robots\" content=\"index, follow, max-snippet:-1, max-image-preview:large, max-video-preview:-1\" \/>\n<link rel=\"canonical\" href=\"http:\/\/general-industry.com\/GIn\/index.php\/a-propos\/\" \/>\n<meta property=\"og:locale\" content=\"fr_FR\" \/>\n<meta property=\"og:type\" content=\"article\" \/>\n<meta property=\"og:title\" content=\"A Propos - GENERAL INDUSTRY\" \/>\n<meta property=\"og:description\" content=\"A Propos General Industry est le premier fabricant de machine \u00e0 commande num\u00e9rique en Tunisie. Depuis sa cr\u00e9ation en 2012 notre soci\u00e9t\u00e9 \u00e0 accumuler des savoir faire dans plusieurs domaine\u00a0du commande num\u00e9rique des machines d&rsquo;usinage au machines de coupe en passant par les\u00a0machines sp\u00e9ciales telles que les presses hydraulique, les lignes de fabrications de sachets [&hellip;]\" \/>\n<meta property=\"og:url\" content=\"http:\/\/general-industry.com\/GIn\/index.php\/a-propos\/\" \/>\n<meta property=\"og:site_name\" content=\"GENERAL INDUSTRY\" \/>\n<meta property=\"article:modified_time\" content=\"2024-10-26T09:28:14+00:00\" \/>\n<meta property=\"og:image\" content=\"http:\/\/general-industry.com\/GIn\/wp-content\/uploads\/2024\/04\/genral-51-150x150.jpg\" \/>\n<meta name=\"twitter:card\" content=\"summary_large_image\" \/>\n<meta name=\"twitter:label1\" content=\"Dur\u00e9e de lecture estim\u00e9e\" \/>\n\t<meta name=\"twitter:data1\" content=\"3 minutes\" \/>\n<script type=\"application\/ld+json\" class=\"yoast-schema-graph\">{\"@context\":\"https:\/\/schema.org\",\"@graph\":[{\"@type\":\"WebPage\",\"@id\":\"http:\/\/general-industry.com\/GIn\/index.php\/a-propos\/\",\"url\":\"http:\/\/general-industry.com\/GIn\/index.php\/a-propos\/\",\"name\":\"A Propos - GENERAL INDUSTRY\",\"isPartOf\":{\"@id\":\"http:\/\/general-industry.com\/GIn\/#website\"},\"primaryImageOfPage\":{\"@id\":\"http:\/\/general-industry.com\/GIn\/index.php\/a-propos\/#primaryimage\"},\"image\":{\"@id\":\"http:\/\/general-industry.com\/GIn\/index.php\/a-propos\/#primaryimage\"},\"thumbnailUrl\":\"http:\/\/general-industry.com\/GIn\/wp-content\/uploads\/2024\/04\/genral-51-150x150.jpg\",\"datePublished\":\"2024-04-17T15:42:51+00:00\",\"dateModified\":\"2024-10-26T09:28:14+00:00\",\"breadcrumb\":{\"@id\":\"http:\/\/general-industry.com\/GIn\/index.php\/a-propos\/#breadcrumb\"},\"inLanguage\":\"fr-FR\",\"potentialAction\":[{\"@type\":\"ReadAction\",\"target\":[\"http:\/\/general-industry.com\/GIn\/index.php\/a-propos\/\"]}]},{\"@type\":\"ImageObject\",\"inLanguage\":\"fr-FR\",\"@id\":\"http:\/\/general-industry.com\/GIn\/index.php\/a-propos\/#primaryimage\",\"url\":\"http:\/\/general-industry.com\/GIn\/wp-content\/uploads\/2024\/04\/genral-51-scaled.jpg\",\"contentUrl\":\"http:\/\/general-industry.com\/GIn\/wp-content\/uploads\/2024\/04\/genral-51-scaled.jpg\",\"width\":2560,\"height\":1710},{\"@type\":\"BreadcrumbList\",\"@id\":\"http:\/\/general-industry.com\/GIn\/index.php\/a-propos\/#breadcrumb\",\"itemListElement\":[{\"@type\":\"ListItem\",\"position\":1,\"name\":\"Accueil\",\"item\":\"http:\/\/general-industry.com\/GIn\/\"},{\"@type\":\"ListItem\",\"position\":2,\"name\":\"A Propos\"}]},{\"@type\":\"WebSite\",\"@id\":\"http:\/\/general-industry.com\/GIn\/#website\",\"url\":\"http:\/\/general-industry.com\/GIn\/\",\"name\":\"GENERAL INDUSTRY\",\"description\":\"Innovation to Shape Your World\",\"publisher\":{\"@id\":\"http:\/\/general-industry.com\/GIn\/#organization\"},\"potentialAction\":[{\"@type\":\"SearchAction\",\"target\":{\"@type\":\"EntryPoint\",\"urlTemplate\":\"http:\/\/general-industry.com\/GIn\/?s={search_term_string}\"},\"query-input\":\"required name=search_term_string\"}],\"inLanguage\":\"fr-FR\"},{\"@type\":\"Organization\",\"@id\":\"http:\/\/general-industry.com\/GIn\/#organization\",\"name\":\"GENERAL INDUSTRY\",\"url\":\"http:\/\/general-industry.com\/GIn\/\",\"logo\":{\"@type\":\"ImageObject\",\"inLanguage\":\"fr-FR\",\"@id\":\"http:\/\/general-industry.com\/GIn\/#\/schema\/logo\/image\/\",\"url\":\"http:\/\/general-industry.com\/GIn\/wp-content\/uploads\/2024\/04\/LOGO-GI.jpg\",\"contentUrl\":\"http:\/\/general-industry.com\/GIn\/wp-content\/uploads\/2024\/04\/LOGO-GI.jpg\",\"width\":1046,\"height\":1046,\"caption\":\"GENERAL INDUSTRY\"},\"image\":{\"@id\":\"http:\/\/general-industry.com\/GIn\/#\/schema\/logo\/image\/\"}}]}<\/script>\n<!-- \/ Yoast SEO plugin. -->","yoast_head_json":{"title":"A Propos - GENERAL INDUSTRY","robots":{"index":"index","follow":"follow","max-snippet":"max-snippet:-1","max-image-preview":"max-image-preview:large","max-video-preview":"max-video-preview:-1"},"canonical":"http:\/\/general-industry.com\/GIn\/index.php\/a-propos\/","og_locale":"fr_FR","og_type":"article","og_title":"A Propos - GENERAL INDUSTRY","og_description":"A Propos General Industry est le premier fabricant de machine \u00e0 commande num\u00e9rique en Tunisie. Depuis sa cr\u00e9ation en 2012 notre soci\u00e9t\u00e9 \u00e0 accumuler des savoir faire dans plusieurs domaine\u00a0du commande num\u00e9rique des machines d&rsquo;usinage au machines de coupe en passant par les\u00a0machines sp\u00e9ciales telles que les presses hydraulique, les lignes de fabrications de sachets [&hellip;]","og_url":"http:\/\/general-industry.com\/GIn\/index.php\/a-propos\/","og_site_name":"GENERAL INDUSTRY","article_modified_time":"2024-10-26T09:28:14+00:00","og_image":[{"url":"http:\/\/general-industry.com\/GIn\/wp-content\/uploads\/2024\/04\/genral-51-150x150.jpg"}],"twitter_card":"summary_large_image","twitter_misc":{"Dur\u00e9e de lecture estim\u00e9e":"3 minutes"},"schema":{"@context":"https:\/\/schema.org","@graph":[{"@type":"WebPage","@id":"http:\/\/general-industry.com\/GIn\/index.php\/a-propos\/","url":"http:\/\/general-industry.com\/GIn\/index.php\/a-propos\/","name":"A Propos - GENERAL INDUSTRY","isPartOf":{"@id":"http:\/\/general-industry.com\/GIn\/#website"},"primaryImageOfPage":{"@id":"http:\/\/general-industry.com\/GIn\/index.php\/a-propos\/#primaryimage"},"image":{"@id":"http:\/\/general-industry.com\/GIn\/index.php\/a-propos\/#primaryimage"},"thumbnailUrl":"http:\/\/general-industry.com\/GIn\/wp-content\/uploads\/2024\/04\/genral-51-150x150.jpg","datePublished":"2024-04-17T15:42:51+00:00","dateModified":"2024-10-26T09:28:14+00:00","breadcrumb":{"@id":"http:\/\/general-industry.com\/GIn\/index.php\/a-propos\/#breadcrumb"},"inLanguage":"fr-FR","potentialAction":[{"@type":"ReadAction","target":["http:\/\/general-industry.com\/GIn\/index.php\/a-propos\/"]}]},{"@type":"ImageObject","inLanguage":"fr-FR","@id":"http:\/\/general-industry.com\/GIn\/index.php\/a-propos\/#primaryimage","url":"http:\/\/general-industry.com\/GIn\/wp-content\/uploads\/2024\/04\/genral-51-scaled.jpg","contentUrl":"http:\/\/general-industry.com\/GIn\/wp-content\/uploads\/2024\/04\/genral-51-scaled.jpg","width":2560,"height":1710},{"@type":"BreadcrumbList","@id":"http:\/\/general-industry.com\/GIn\/index.php\/a-propos\/#breadcrumb","itemListElement":[{"@type":"ListItem","position":1,"name":"Accueil","item":"http:\/\/general-industry.com\/GIn\/"},{"@type":"ListItem","position":2,"name":"A Propos"}]},{"@type":"WebSite","@id":"http:\/\/general-industry.com\/GIn\/#website","url":"http:\/\/general-industry.com\/GIn\/","name":"GENERAL INDUSTRY","description":"Innovation to Shape Your World","publisher":{"@id":"http:\/\/general-industry.com\/GIn\/#organization"},"potentialAction":[{"@type":"SearchAction","target":{"@type":"EntryPoint","urlTemplate":"http:\/\/general-industry.com\/GIn\/?s={search_term_string}"},"query-input":"required name=search_term_string"}],"inLanguage":"fr-FR"},{"@type":"Organization","@id":"http:\/\/general-industry.com\/GIn\/#organization","name":"GENERAL INDUSTRY","url":"http:\/\/general-industry.com\/GIn\/","logo":{"@type":"ImageObject","inLanguage":"fr-FR","@id":"http:\/\/general-industry.com\/GIn\/#\/schema\/logo\/image\/","url":"http:\/\/general-industry.com\/GIn\/wp-content\/uploads\/2024\/04\/LOGO-GI.jpg","contentUrl":"http:\/\/general-industry.com\/GIn\/wp-content\/uploads\/2024\/04\/LOGO-GI.jpg","width":1046,"height":1046,"caption":"GENERAL INDUSTRY"},"image":{"@id":"http:\/\/general-industry.com\/GIn\/#\/schema\/logo\/image\/"}}]}},"jetpack_sharing_enabled":true,"_links":{"self":[{"href":"http:\/\/general-industry.com\/GIn\/index.php\/wp-json\/wp\/v2\/pages\/20","targetHints":{"allow":["GET"]}}],"collection":[{"href":"http:\/\/general-industry.com\/GIn\/index.php\/wp-json\/wp\/v2\/pages"}],"about":[{"href":"http:\/\/general-industry.com\/GIn\/index.php\/wp-json\/wp\/v2\/types\/page"}],"author":[{"embeddable":true,"href":"http:\/\/general-industry.com\/GIn\/index.php\/wp-json\/wp\/v2\/users\/1"}],"replies":[{"embeddable":true,"href":"http:\/\/general-industry.com\/GIn\/index.php\/wp-json\/wp\/v2\/comments?post=20"}],"version-history":[{"count":43,"href":"http:\/\/general-industry.com\/GIn\/index.php\/wp-json\/wp\/v2\/pages\/20\/revisions"}],"predecessor-version":[{"id":537,"href":"http:\/\/general-industry.com\/GIn\/index.php\/wp-json\/wp\/v2\/pages\/20\/revisions\/537"}],"wp:attachment":[{"href":"http:\/\/general-industry.com\/GIn\/index.php\/wp-json\/wp\/v2\/media?parent=20"}],"curies":[{"name":"wp","href":"https:\/\/api.w.org\/{rel}","templated":true}]}}